{"id":15663,"date":"2017-11-01T10:06:59","date_gmt":"2017-11-01T09:06:59","guid":{"rendered":"http:\/\/www.msz-bamberg.de\/brustdiagnostik-bamberg\/?page_id=15663"},"modified":"2017-12-21T13:46:14","modified_gmt":"2017-12-21T12:46:14","slug":"untersuchungsmethoden","status":"publish","type":"page","link":"https:\/\/www.msz-bamberg.de\/brustdiagnostik-bamberg\/untersuchungsmethoden\/","title":{"rendered":"Die Untersuchungstechniken in der Brustdiagnostik"},"content":{"rendered":"<p>[vc_row type=&#8220;full_width_section&#8220; bg_position=&#8220;left top&#8220;][vc_column width=&#8220;1\/1&#8243;][rev_slider_vc alias=&#8220;default&#8220;][\/vc_column][\/vc_row][vc_row class=&#8220;only-mobile&#8220; bg_position=&#8220;left top&#8220;][vc_column width=&#8220;1\/1&#8243;][vc_column_text]<br class=\"clear\" \/><a class=\"cta-header-smartphone\" href=\"http:\/\/www.msz-bamberg.de\/mammographie-screening-bamberg\/\"><img decoding=\"async\" src=\"http:\/\/www.msz-bamberg.de\/brustdiagnostik-bamberg\/wp-content\/uploads\/2017\/12\/cta-msz-button-neu.png\" alt=\"logo\" \/><\/a>[\/vc_column_text][\/vc_column][\/vc_row][vc_row bg_color=&#8220;#f4f3f3&#8243; top_padding=&#8220;0&#8243; bottom_padding=&#8220;0&#8243; class=&#8220;hide-on-mobile&#8220; row_id=&#8220;cta&#8220;][vc_column el_class=&#8220;cta-shortcut-cell-left&#8220; bg_color=&#8220;#d7a7b7&#8243; column_padding=&#8220;custom-padding&#8220; width=&#8220;1\/3&#8243;]<a href=\"http:\/\/www.msz-bamberg.de\/brustdiagnostik-bamberg\/untersuchungsmethoden\" target=\"_self\" class=\"button custom full cta-shortcut\" style=\"background-color: #f0903a; border-color: #f0903a;border-radius: ;\">Untersuchungstechniken<\/a>[\/vc_column][vc_column bg_color=&#8220;#d7a7b7&#8243; column_padding=&#8220;custom-padding&#8220; width=&#8220;1\/3&#8243;]<a href=\"http:\/\/www.msz-bamberg.de\/brustdiagnostik-bamberg\/unsere-praxis-in-bamberg\/\" target=\"_self\" class=\"button custom full cta-shortcut\" style=\"background-color: #f0903a; border-color: #f0903a;border-radius: ;\">Wer sind Wir<\/a>[\/vc_column][vc_column el_class=&#8220;cta-shortcut-cell-right&#8220; bg_color=&#8220;#d7a7b7&#8243; column_padding=&#8220;custom-padding&#8220; width=&#8220;1\/3&#8243;]<a href=\"http:\/\/www.msz-bamberg.de\/brustdiagnostik-bamberg\/kontakt\/\" target=\"_self\" class=\"button custom full cta-shortcut\" style=\"background-color: #f0903a; border-color: #f0903a;border-radius: ;\">Termin vereinbaren<\/a>[\/vc_column][\/vc_row][vc_row top_padding=&#8220;40&#8243; bottom_padding=&#8220;40&#8243; bg_position=&#8220;left top&#8220;][vc_column width=&#8220;2\/3&#8243;][vc_column_text el_class=&#8220;orange&#8220;]<\/p>\n<h1>Welche Untersuchungstechniken kommen in der Brustdiagnostik zum Einsatz?<\/h1>\n<p>[\/vc_column_text]<div class=\"spacer\" style=\"height: 40px;\"><\/div>[vc_column_text]Spezielle bildgebende Methoden werden komplement\u00e4r (frz.erg\u00e4nzend\u201c) angewandt.<br \/>\n<br class=\"clear\" \/>Die Diagnostik sollte zu einem definitiven Ergebnis f\u00fchren, das hei\u00dft zu einer endg\u00fcltigen Diagnose, die eine Behandlung zur Folge hat oder nicht.<br \/>\n<br class=\"clear\" \/>Wenn notwendig, wird die Diagnose durch eine Gewebeprobe gesichert.<br \/>\n<br class=\"clear\" \/>Nur in Einzelf\u00e4llen sind Kontrolluntersuchungen in bestimmten Abst\u00e4nden sinnvoll.<br \/>\n<br class=\"clear\" \/>Diese <strong>\u201ekurative\u201c Brustdiagnostik<\/strong> unterscheidet sich aufgrund der Zielsetzung, ein vorhandenes Problem zu l\u00f6sen, grunds\u00e4tzlich von der <strong>\u201epr\u00e4ventiven\u201c Diagnostik<\/strong>, den sogenannten \u201eVorsorgeuntersuchungen\u201c zu Fr\u00fcherkennung von Karzinomen und von den \u201eNachsorgeuntersuchungen\u201c w\u00e4hrend und nach einer behandelten Brustkrebserkrankung.<br \/>\n<br class=\"clear\" \/>Die Methoden der Bildgebung in der Brustdiagnostik, ob kurativ (lat. \u201ebehandelnd\u201c) oder pr\u00e4ventiv (lat. \u201evorbeugend\u201c) sind die gleichen.[\/vc_column_text]<div class=\"spacer\" style=\"height: 40px;\"><\/div>[vc_tta_accordion c_icon=&#8220;chevron&#8220; active_section=&#8220;Non-existing number&#8220; collapsible_all=&#8220;true&#8220;][vc_tta_section title=&#8220;Mammographie&#8220; tab_id=&#8220;1509531695812-73634131-fb9a&#8220;][vc_column_text el_class=&#8220;.padding-all-20-margin-bottom-60&#8243;]Die Basis der Brustdiagnostik ist die <a href=\"#\">Mammografie<\/a>, sie ist eine weltweit standardisierte Methode, die <strong>reproduzierbare und vergleichbare \u00dcbersichtsbilder<\/strong> der Brust liefert. und damit die Grundlage f\u00fcr eine Verlaufsbeurteilung darstellt.<br \/>\n<br class=\"clear\" \/>Sie ist die einzige Methode, mit der Mikroverkalkungen sicher auffindbar sind, die in entsprechender Anordnung und Einzelkonfiguration ein <strong>Fr\u00fchzeichen f\u00fcr Brustkrebs<\/strong> sind.<br \/>\n<br class=\"clear\" \/>Die Mammografie-\u00dcbersichtsbilder sind eine <strong>Landkarte<\/strong>, die eine gezielte Ultraschalluntersuchung erm\u00f6glicht.<br \/>\n<br class=\"clear\" \/>Die Strahlenbelastung ist durch die neueste Technologie effektiverer Vollfelddetektoren und digitale Datenverarbeitung minimiert und individuell an jede Brust angepasst.<br \/>\n[\/vc_column_text][\/vc_tta_section][vc_tta_section title=&#8220;Tomosynthese&#8220; tab_id=&#8220;1510060607083-f74845c2-28dc&#8220;][vc_column_text el_class=&#8220;.padding-all-20-margin-bottom-60&#8243;]Neu in der Brustdiagnostik ist der Einsatz einer segmental rotierenden R\u00f6ntgenr\u00f6hre, \u00e4hnlich der Computertomografie. Es werden millimeterd\u00fcnne Schichtbilder der gesamten Brust erstellt, die eine \u00fcberlagerungsfreie Befunderkennung erm\u00f6glichen. Die Strahlenbelastung ist gegen\u00fcber der \u00dcbersichts-Mammografie nicht relevant erh\u00f6ht. Die Erkennbarkeit von Herden in dichtem Brustdr\u00fcsengewebe und das Auffinden kleiner Strukturst\u00f6rungen sind deutlich erh\u00f6ht.<\/p>\n<p><img loading=\"lazy\" decoding=\"async\" style=\"border-left: 50px solid white; border-right: 0px solid white;\" src=\"http:\/\/www.msz-bamberg.de\/brustdiagnostik-bamberg\/wp-content\/uploads\/2017\/11\/mammographie-2.jpg\" alt=\"tomosynthese\" width=\"650\" height=\"500\" \/><\/p>\n<p>3D\/2D-Tomosynthese erkl\u00e4rt:<br \/>\n<a href=\"https:\/\/www.fujifilm.eu\/de\/produkte\/medizinische-systeme\/digitale-mammographie\/p\/3d-tomosythese\" target=\"_blank\" rel=\"noopener\">Tomosynthese<\/a>[\/vc_column_text][\/vc_tta_section][vc_tta_section title=&#8220;Vergr\u00f6\u00dferungsaufnahmen und Zielaufnahmen &#8220; tab_id=&#8220;1511866030402-a6e390cf-2c52&#8243;][vc_column_text el_class=&#8220;.padding-all-20-margin-bottom-60&#8243;]Erg\u00e4nzende R\u00f6ntgenaufnahmen, die gezielt das Problemareal vergr\u00f6\u00dfert und in unterschiedlicher Lagerung und Kompression darstellen, lassen Tumoren ausschlie\u00dfen oder best\u00e4tigen und genauer klassifizieren, sodass eine weitere Diagnostik festgelegt werden kann.<br \/>\n[\/vc_column_text][\/vc_tta_section][vc_tta_section title=&#8220;Sonografie&#8220; tab_id=&#8220;1511866077081-c4e8af93-19ec&#8220;][vc_column_text el_class=&#8220;.padding-all-20-margin-bottom-60&#8243;]Brustdiagnostik wird mit hochaufl\u00f6senden Ultraschallsonden einer Bandbreite zwischen 8 und 15 MHz durchgef\u00fchrt. Eine spezielle Schallkopfgeometrie (Matrix-Schallkopf)und digitale Bildverarbeitung reduziert Artefakte und erm\u00f6glicht die Darstellbarkeit feinster Dr\u00fcsenstrukturen, wie z.B. der Milchg\u00e4nge, die oft unter 1 mm im Durchmesser schmal sind. Die Messung der Durchblutung (Doppler- und Duplex-Sonografie) kann Hinweise zur Unterscheidung gutartiger und b\u00f6sartiger Tumoren geben und l\u00e4sst Gef\u00e4\u00dfe eindeutig identifizieren.<br \/>\n[\/vc_column_text][\/vc_tta_section][vc_tta_section title=&#8220;Kernspintomografie&#8220; tab_id=&#8220;1511866125553-cb5c4f39-a3ad&#8220;][vc_column_text el_class=&#8220;.padding-all-20-margin-bottom-60&#8243;]Die Magnetresonanztomografie (MRT) oder Kernspintomografie erstellt in einem sehr starken Magnetfeld (1,5-3 Tesla) und wechselnden Magnetfeldern durch Hochfrequenzimpulse Schnittbilder der Brust, die Informationen \u00fcber die Gewebezusammensetzung geben. Zur Tumordiagnostik werden Perfusionsstudien mit <strong>Kontrastmittelgabe<\/strong> erstellt, die anhand des Durchblutungsmusters Hinweise auf Benignit\u00e4t (Gutartigkeit) oder Malignit\u00e4t (B\u00f6sartigkeit) geben.<br \/>\n<br class=\"clear\" \/>Der Einsatz der Kernspintomografie ist gezielt unter bestimmten Voraussetzungen notwendig. So z.B. zur Operationsplanung (pr\u00e4operativ) bei bestimmten Brustkrebsarten, die aufgrund ihres Wachstumsmusters mammografisch und sonografisch schwieriger darstellbar oder abgrenzbar sind, jedoch auch deutlich seltener vorkommen. Zur Unterscheidung von Narbengewebe und Tumorgewebe und in der Diagnostik bei Implantaten, die Brustdr\u00fcsenstrukturen in der Mammografie und Sonografie \u00fcberlagern und deshalb nicht darstellen lassen.[\/vc_column_text][\/vc_tta_section][vc_tta_section title=&#8220;Biopsie&#8220; tab_id=&#8220;1511866211546-f36c1da5-f7b3&#8243;][vc_column_text el_class=&#8220;.padding-all-20-margin-bottom-60&#8243;]Die Biopsie ist die Entnahme einer Gewebeprobe, anhand dieser der Pathologe die Differentialdiagnose der Bildgebung sichert.<br \/>\nIm Gegensatz zur offenen Biopsie, eine Operation unter Vollnarkose, f\u00fchren wir ambulant und in \u00f6rtlicher Bet\u00e4ubung (Infiltrationsan\u00e4sthesie) Nadelbiopsien durch. Die offenen Biopsien sind seitdem selten geworden. Die pr\u00e4operative histologische Sicherung b\u00f6sartiger Tumoren gew\u00e4hrleistet zusammen mit der Bildgebung eine individuelle Behandlungsplanung und erm\u00f6glicht in der Regel eine schonende brusterhaltende Operation.<br \/>\n<br class=\"clear\" \/>Bei nicht tastbaren Befunden ist entscheidend, mit welcher bildgebenden Methode der abkl\u00e4rungsbed\u00fcrftige Befund exakt zu lokalisieren ist.<br \/>\n<br class=\"clear\" \/>Unter <strong>sonografischer Kontrolle<\/strong> werden <strong>Hochgeschwindigkeits-Stanzbiopsien<\/strong> mit einer 1,5 mm feinen Nadel durchgef\u00fchrt. Dies ist die am h\u00e4ufigsten eingesetzte Methode und dauert wenige Minuten.<br \/>\n<br class=\"clear\" \/>Mikrokalk, der nur mammografisch erfassbar ist, oder selten auch kleine Herde, die sonografisch nicht auffindbar sind, werden unter R\u00f6ntgenkontrolle biopsiert. Die Berechnung der Koordinaten zur exakten Lokalisation des Biopsieortes in der Brust erfolgt anhand stereotaktischer Aufnahmen und Berechnungen oder mit dem Datensatz der Tomosynthese. Hierbei ist eine gr\u00f6\u00dferkalibrige Nadel (4 mm) notwendig und es wird zus\u00e4tzlich gesaugt (<strong>Vakuumbiopsie<\/strong>), um gen\u00fcgend Material zu gewinnen. Die Methode ist deutlich aufw\u00e4ndiger und dauert 20-30 Minuten.<br \/>\n<br class=\"clear\" \/>Sollten Befunde nur in der Kernspintomografie sicher darstellbar sein, wird auch hierbei die Vakuumbiopsie eingesetzt. Diese Methode ist am zeitaufw\u00e4ndigsten und erfordert die Bilderstellung mit Kontrastmittel ebenso wie die diagnostische Kernspintomografie. Diese Biopsie wird in der Regel an Kliniken durchgef\u00fchrt.<\/p>\n<p>[\/vc_column_text][\/vc_tta_section][vc_tta_section title=&#8220;Pr\u00e4operative Markierung&#8220; tab_id=&#8220;1511866358425-26bd28e2-5a79&#8243;][vc_column_text el_class=&#8220;.padding-all-20-margin-bottom-60&#8243;]Im Rahmen der Fr\u00fcherkennungsuntersuchungen werden in der Regel Brustkrebskn\u00f6tchen oder fr\u00fche Brustkrebsformen (DCIS)gefunden, die nicht tastbar sind. Sehr kleine Herde werden bereits bei der Biopsie mit einem Clip markiert. Um diese Herde gezielt entfernen zu k\u00f6nnen, m\u00fcssen sie oder der Markierungsclip f\u00fcr den Operateur pr\u00e4operativ markiert werden. Dazu verankern wir einen flexiblen Draht im Herd und benutzen die Bildgebung, mit der der Befund am sichersten zu erkennen ist: in der Regel sonografisch oder unter R\u00f6ntgenkontrolle stereotaktisch oder tomografisch.<br \/>\n[\/vc_column_text][\/vc_tta_section][\/vc_tta_accordion][\/vc_column][vc_column width=&#8220;1\/3&#8243;]<div class=\"spacer\" style=\"height: 20px;\"><\/div><div class=\"single_image wpb_content_element align-left    \" data-animation=\"none\" data-delay=\"0\"><img loading=\"lazy\" decoding=\"async\" width=\"800\" height=\"800\" src=\"https:\/\/www.msz-bamberg.de\/brustdiagnostik-bamberg\/wp-content\/uploads\/2017\/12\/brustdiagnostik-bamberg-mammographie-01-neu-1.jpg\" class=\"attachment-full\" alt=\"Brustdiagnostik-Praxis Bamberg\" title=\"Brustdiagnostik-Praxis Bamberg\" srcset=\"https:\/\/www.msz-bamberg.de\/brustdiagnostik-bamberg\/wp-content\/uploads\/2017\/12\/brustdiagnostik-bamberg-mammographie-01-neu-1.jpg 800w, https:\/\/www.msz-bamberg.de\/brustdiagnostik-bamberg\/wp-content\/uploads\/2017\/12\/brustdiagnostik-bamberg-mammographie-01-neu-1-150x150.jpg 150w, https:\/\/www.msz-bamberg.de\/brustdiagnostik-bamberg\/wp-content\/uploads\/2017\/12\/brustdiagnostik-bamberg-mammographie-01-neu-1-300x300.jpg 300w, https:\/\/www.msz-bamberg.de\/brustdiagnostik-bamberg\/wp-content\/uploads\/2017\/12\/brustdiagnostik-bamberg-mammographie-01-neu-1-768x768.jpg 768w, https:\/\/www.msz-bamberg.de\/brustdiagnostik-bamberg\/wp-content\/uploads\/2017\/12\/brustdiagnostik-bamberg-mammographie-01-neu-1-80x80.jpg 80w, https:\/\/www.msz-bamberg.de\/brustdiagnostik-bamberg\/wp-content\/uploads\/2017\/12\/brustdiagnostik-bamberg-mammographie-01-neu-1-500x500.jpg 500w\" sizes=\"(max-width: 800px) 100vw, 800px\" \/><\/div>[\/vc_column][\/vc_row][vc_row bottom_padding=&#8220;60&#8243;][vc_column width=&#8220;1\/3&#8243;]<div class=\"box clearfix style-6 wpb_content_element align-left orange-teaser\" style=\"padding: 50% 40px 40px 40px; \"><a class=\"teaser-link\" title=\"Die Untersuchungsmethoden\" href=\"http:\/\/www.msz-bamberg.de\/brustdiagnostik-bamberg\/untersuchungsmethoden\">Untersuchungs<code>\u00ad<\/code>\u200btech\u200b<code>\u00ad<\/code>niken in der Brustdiagnostik<\/a><\/div>[\/vc_column][vc_column width=&#8220;1\/3&#8243;]<div class=\"box clearfix style-6 wpb_content_element align-left orange-teaser\" style=\"padding: 50% 35px 40px 35px; \"><a class=\"teaser-link\" title=\"Unsere Praxis in Bamberg\" href=\"http:\/\/www.msz-bamberg.de\/brustdiagnostik-bamberg\/unsere-praxis-in-bamberg\">Unsere Praxis<br \/>\nBrust-Diagnostik-Bamberg<\/a><\/div>[\/vc_column][vc_column width=&#8220;1\/3&#8243;]<div class=\"box clearfix style-6 wpb_content_element align-left orange-teaser\" style=\"padding: 50% 40px 40px 40px; \"><a class=\"teaser-link\" title=\"Das Screening-Programm\" href=\"http:\/\/www.msz-bamberg.de\/mammographie-screening-bamberg\/\">Zum Mammographie-Screening-Programm<\/a><\/div>[\/vc_column][\/vc_row]<\/p>\n","protected":false},"excerpt":{"rendered":"<p>[vc_row type=&#8220;full_width_section&#8220; bg_position=&#8220;left top&#8220;][vc_column width=&#8220;1\/1&#8243;][rev_slider_vc alias=&#8220;default&#8220;][\/vc_column][\/vc_row][vc_row class=&#8220;only-mobile&#8220; bg_position=&#8220;left top&#8220;][vc_column width=&#8220;1\/1&#8243;][vc_column_text][\/vc_column_text][\/vc_column][\/vc_row][vc_row bg_color=&#8220;#f4f3f3&#8243; top_padding=&#8220;0&#8243; bottom_padding=&#8220;0&#8243; class=&#8220;hide-on-mobile&#8220; row_id=&#8220;cta&#8220;][vc_column el_class=&#8220;cta-shortcut-cell-left&#8220; bg_color=&#8220;#d7a7b7&#8243; column_padding=&#8220;custom-padding&#8220; width=&#8220;1\/3&#8243;][\/vc_column][vc_column bg_color=&#8220;#d7a7b7&#8243; column_padding=&#8220;custom-padding&#8220; width=&#8220;1\/3&#8243;][\/vc_column][vc_column el_class=&#8220;cta-shortcut-cell-right&#8220; bg_color=&#8220;#d7a7b7&#8243; column_padding=&#8220;custom-padding&#8220; width=&#8220;1\/3&#8243;][\/vc_column][\/vc_row][vc_row top_padding=&#8220;40&#8243; bottom_padding=&#8220;40&#8243; bg_position=&#8220;left top&#8220;][vc_column width=&#8220;2\/3&#8243;][vc_column_text el_class=&#8220;orange&#8220;] Welche Untersuchungstechniken kommen in der Brustdiagnostik zum Einsatz? [\/vc_column_text][vc_column_text]Spezielle bildgebende Methoden werden komplement\u00e4r (frz.erg\u00e4nzend\u201c) angewandt. Die Diagnostik sollte zu einem definitiven Ergebnis f\u00fchren, das hei\u00dft zu einer endg\u00fcltigen Diagnose, die eine Behandlung zur Folge hat oder nicht. Wenn notwendig, wird die Diagnose durch eine Gewebeprobe gesichert. Nur in Einzelf\u00e4llen sind Kontrolluntersuchungen in bestimmten Abst\u00e4nden sinnvoll. Diese \u201ekurative\u201c Brustdiagnostik unterscheidet sich aufgrund der Zielsetzung, ein vorhandenes Problem zu l\u00f6sen, grunds\u00e4tzlich von der \u201epr\u00e4ventiven\u201c Diagnostik, den sogenannten \u201eVorsorgeuntersuchungen\u201c zu Fr\u00fcherkennung von Karzinomen und von den \u201eNachsorgeuntersuchungen\u201c w\u00e4hrend und nach einer behandelten Brustkrebserkrankung. Die Methoden der Bildgebung in der Brustdiagnostik, ob kurativ (lat. \u201ebehandelnd\u201c) oder pr\u00e4ventiv (lat. \u201evorbeugend\u201c) sind die gleichen.[\/vc_column_text][vc_tta_accordion c_icon=&#8220;chevron&#8220; active_section=&#8220;Non-existing number&#8220; collapsible_all=&#8220;true&#8220;][vc_tta_section title=&#8220;Mammographie&#8220; tab_id=&#8220;1509531695812-73634131-fb9a&#8220;][vc_column_text el_class=&#8220;.padding-all-20-margin-bottom-60&#8243;]Die Basis der Brustdiagnostik ist die Mammografie, sie ist eine weltweit standardisierte Methode, die reproduzierbare und vergleichbare \u00dcbersichtsbilder der Brust liefert. und damit die Grundlage f\u00fcr eine Verlaufsbeurteilung darstellt. Sie ist die einzige Methode, mit der Mikroverkalkungen sicher auffindbar sind, die in entsprechender Anordnung und Einzelkonfiguration ein Fr\u00fchzeichen f\u00fcr Brustkrebs sind. Die Mammografie-\u00dcbersichtsbilder sind [&hellip;]<\/p>\n","protected":false},"author":1,"featured_media":0,"parent":0,"menu_order":0,"comment_status":"open","ping_status":"open","template":"","meta":{"footnotes":""},"class_list":["post-15663","page","type-page","status-publish","hentry"],"_links":{"self":[{"href":"https:\/\/www.msz-bamberg.de\/brustdiagnostik-bamberg\/wp-json\/wp\/v2\/pages\/15663"}],"collection":[{"href":"https:\/\/www.msz-bamberg.de\/brustdiagnostik-bamberg\/wp-json\/wp\/v2\/pages"}],"about":[{"href":"https:\/\/www.msz-bamberg.de\/brustdiagnostik-bamberg\/wp-json\/wp\/v2\/types\/page"}],"author":[{"embeddable":true,"href":"https:\/\/www.msz-bamberg.de\/brustdiagnostik-bamberg\/wp-json\/wp\/v2\/users\/1"}],"replies":[{"embeddable":true,"href":"https:\/\/www.msz-bamberg.de\/brustdiagnostik-bamberg\/wp-json\/wp\/v2\/comments?post=15663"}],"version-history":[{"count":130,"href":"https:\/\/www.msz-bamberg.de\/brustdiagnostik-bamberg\/wp-json\/wp\/v2\/pages\/15663\/revisions"}],"predecessor-version":[{"id":16155,"href":"https:\/\/www.msz-bamberg.de\/brustdiagnostik-bamberg\/wp-json\/wp\/v2\/pages\/15663\/revisions\/16155"}],"wp:attachment":[{"href":"https:\/\/www.msz-bamberg.de\/brustdiagnostik-bamberg\/wp-json\/wp\/v2\/media?parent=15663"}],"curies":[{"name":"wp","href":"https:\/\/api.w.org\/{rel}","templated":true}]}}