{"id":16097,"date":"2017-11-06T11:47:05","date_gmt":"2017-11-06T10:47:05","guid":{"rendered":"http:\/\/www.msz-bamberg.de\/mammographie-screening-bamberg\/?page_id=16097"},"modified":"2021-06-14T10:10:11","modified_gmt":"2021-06-14T08:10:11","slug":"impressum","status":"publish","type":"page","link":"https:\/\/www.msz-bamberg.de\/mammographie-screening-bamberg\/impressum\/","title":{"rendered":"Impressum"},"content":{"rendered":"<p>[vc_row bg_color=&#8220;#f4f3f3&#8243; top_padding=&#8220;0&#8243; bottom_padding=&#8220;0&#8243; class=&#8220;hide-on-mobile&#8220; row_id=&#8220;cta&#8220;][vc_column el_class=&#8220;cta-shortcut-cell-left&#8220; bg_color=&#8220;#d7a7b7&#8243; column_padding=&#8220;custom-padding&#8220; width=&#8220;1\/3&#8243;]<a href=\"http:\/\/www.msz-bamberg.de\/mammographie-screening-bamberg\/das-screening-programm\/\" target=\"_self\" class=\"button custom full cta-shortcut\" style=\"background-color: #d7a7b7; border-color: #d7a7b7;border-radius: ;\">Das Screening-Programm<\/a>[\/vc_column][vc_column bg_color=&#8220;#d7a7b7&#8243; column_padding=&#8220;custom-padding&#8220; width=&#8220;1\/3&#8243;]<a href=\"http:\/\/www.msz-bamberg.de\/mammographie-screening-bamberg\/die-screening-einheit-bamberg\/\" target=\"_self\" class=\"button custom full cta-shortcut\" style=\"background-color: #d7a7b7; border-color: #d7a7b7;border-radius: ;\">Wer sind Wir<\/a>[\/vc_column][vc_column el_class=&#8220;cta-shortcut-cell-right&#8220; bg_color=&#8220;#d7a7b7&#8243; column_padding=&#8220;custom-padding&#8220; width=&#8220;1\/3&#8243;]<a href=\"http:\/\/www.msz-bamberg.de\/mammographie-screening-bamberg\/informationsmaterial\/\" target=\"_self\" class=\"button custom full cta-shortcut\" style=\"background-color: #d7a7b7; border-color: #d7a7b7;border-radius: ;\">Infos aus dem Netz<\/a>[\/vc_column][\/vc_row][vc_row top_padding=&#8220;40&#8243; bottom_padding=&#8220;0&#8243; bg_position=&#8220;left top&#8220;][vc_column width=&#8220;2\/3&#8243;][vc_column_text]<\/p>\n<h1>Impressum<\/h1>\n<p><strong>Pflichtangaben nach \u00a76 Teledienstgesetz (TDG)<\/strong><\/p>\n<p>MammaZentrum Bamberg<br \/>\nProgrammverantwortliche \u00c4rztin (PV\u00c4):<br \/>\nDr. med. Sieglinde Spindler-Thiele<\/p>\n<p><strong><br \/>\nKontakt<\/strong><br \/>\nWilly-Lessing-Str. 10<br \/>\n96047 Bamberg<br \/>\nTel.: 0951 \u2013 30 94 00 30<br \/>\nFax: 0951 \u2013 30 94 00 333<br \/>\nE-Mail: info@msz-bamberg.de<br \/>\nWeb: www.msz-bamberg.de<\/p>\n<p>&nbsp;<\/p>\n<p><strong>Medizinprodukteverantwortliche, Datenschutzverantwortliche<\/strong><br \/>\n<strong>und Strahlenschutzverantwortliche<\/strong><br \/>\nDr. med. Sieglinde Spindler-Thiele<br \/>\nWilly-Lessing-Str. 10<br \/>\n96047 Bamberg<\/p>\n<p><strong>Datenschutzbeauftragte<\/strong><br \/>\nHerr Robert Kehl<br \/>\nWilly-Lessing-Str. 10<br \/>\n96047 Bamberg[\/vc_column_text][\/vc_column][vc_column width=&#8220;1\/3&#8243;]<div class=\"box clearfix style-1 wpb_content_element align-left \" style=\"padding: 20px 20px 20px 20px; \">\n<h5>\u00c4rztekammer<\/h5>\n<p>81677 M\u00fcnchen<br \/>\nwww.blaek.de<\/p>\n<\/div><div class=\"box clearfix style-1 wpb_content_element align-left \" style=\"padding: 20px 20px 20px 20px; \">\n<h5>Kassen\u00e4rztliche Vereinigung<\/h5>\n<p>Arabellastr. 30<br \/>\n81925 M\u00fcnchen<br \/>\nwww.kvb.de<\/div><div class=\"box clearfix style-1 wpb_content_element align-left \" style=\"padding: 20px 20px 20px 20px; \">\n<h5>Berufsrechtliche Regelungen<\/h5>\n<p>Berufsordnung f\u00fcr die \u00c4rzte in Bayern<br \/>\nwww.kvb.de<\/div>[\/vc_column][\/vc_row][vc_row top_padding=&#8220;0&#8243; bottom_padding=&#8220;60&#8243;][vc_column width=&#8220;1\/1&#8243;]<div class=\"divider divider1\" style='margin:60px 0 60px 0 !important;'><\/div>[vc_column_text]<\/p>\n<h3>Haftungsausschlu\u00df<\/h3>\n<p>&nbsp;<\/p>\n<p><strong>1. Inhalt des Onlineangebotes<\/strong><br \/>\nDer Autor \u00fcbernimmt keinerlei Gew\u00e4hr f\u00fcr die Aktualit\u00e4t, Korrektheit, Vollst\u00e4ndigkeit oder Qualit\u00e4t der bereitgestellten Informationen. Haftungsanspr\u00fcche gegen den Autor, welche sich auf Sch\u00e4den materieller oder ideeller Art beziehen, die durch die Nutzung oder Nichtnutzung der dargebotenen Informationen bzw. durch die Nutzung fehlerhafter und unvollst\u00e4ndiger Informationen verursacht wurden, sind grunds\u00e4tzlich ausgeschlossen, sofern seitens des Autors kein nachweislich vors\u00e4tzliches oder grob fahrl\u00e4ssiges Verschulden vorliegt. Alle Angebote sind freibleibend und unverbindlich. Der Autor beh\u00e4lt es sich ausdr\u00fccklich vor, Teile der Seiten oder das gesamte Angebot ohne gesonderte Ank\u00fcndigung zu ver\u00e4ndern, zu erg\u00e4nzen, zu l\u00f6schen oder die Ver\u00f6ffentlichung zeitweise oder endg\u00fcltig einzustellen.<\/p>\n<p><strong>2. Verweise und Links<\/strong><br \/>\nBei direkten oder indirekten Verweisen auf fremde Webseiten (&#8222;Hyperlinks&#8220;), die au\u00dferhalb des Verantwortungsbereiches des Autors liegen, w\u00fcrde eine Haftungsverpflichtung ausschlie\u00dflich in dem Fall in Kraft treten, in dem der Autor von den Inhalten Kenntnis hat und es ihm technisch m\u00f6glich und zumutbar w\u00e4re, die Nutzung im Falle rechtswidriger Inhalte zu verhindern. Der Autor erkl\u00e4rt hiermit ausdr\u00fccklich, dass zum Zeitpunkt der Linksetzung keine illegalen Inhalte auf den zu verlinkenden Seiten erkennbar waren. Auf die aktuelle und zuk\u00fcnftige Gestaltung, die Inhalte oder die Urheberschaft der verlinkten\/verkn\u00fcpften Seiten hat der Autor keinerlei Einfluss. Deshalb distanziert er sich hiermit ausdr\u00fccklich von allen Inhalten aller verlinkten \/verkn\u00fcpften Seiten, die nach der Linksetzung ver\u00e4ndert wurden. Diese Feststellung gilt f\u00fcr alle innerhalb des eigenen Internetangebotes gesetzten Links und Verweise sowie f\u00fcr Fremdeintr\u00e4ge in vom Autor eingerichteten G\u00e4steb\u00fcchern, Diskussionsforen, Linkverzeichnissen, Mailinglisten und in allen anderen Formen von Datenbanken, auf deren Inhalt externe Schreibzugriffe m\u00f6glich sind. F\u00fcr illegale, fehlerhafte oder unvollst\u00e4ndige Inhalte und insbesondere f\u00fcr Sch\u00e4den, die aus der Nutzung oder Nichtnutzung solcherart dargebotener Informationen entstehen, haftet allein der Anbieter der Seite, auf welche verwiesen wurde, nicht derjenige, der \u00fcber Links auf die jeweilige Ver\u00f6ffentlichung lediglich verweist.<\/p>\n<p><strong>3. Urheber- und Kennzeichenrecht<\/strong><br \/>\nDer Autor ist bestrebt, in allen Publikationen die Urheberrechte der verwendeten Bilder, Grafiken, Tondokumente, Videosequenzen und Texte zu beachten, von ihm selbst erstellte Bilder, Grafiken, Tondokumente, Videosequenzen und Texte zu nutzen oder auf lizenzfreie Grafiken, Tondokumente, Videosequenzen und Texte zur\u00fcckzugreifen. Alle innerhalb des Internetangebotes genannten und ggf. durch Dritte gesch\u00fctzten Marken- und Warenzeichen unterliegen uneingeschr\u00e4nkt den Bestimmungen des jeweils g\u00fcltigen Kennzeichenrechts und den Besitzrechten der jeweiligen eingetragenen Eigent\u00fcmer. Allein aufgrund der blo\u00dfen Nennung ist nicht der Schluss zu ziehen, dass Markenzeichen nicht durch Rechte Dritter gesch\u00fctzt sind! Das Copyright f\u00fcr ver\u00f6ffentlichte, vom Autor selbst erstellte Objekte bleibt allein beim Autor der Seiten. Eine Vervielf\u00e4ltigung oder Verwendung solcher Grafiken, Tondokumente, Videosequenzen und Texte in anderen elektronischen oder gedruckten Publikationen ist ohne ausdr\u00fcckliche Zustimmung des Autors nicht gestattet.<\/p>\n<p><strong>4. Rechtswirksamkeit dieses Haftungsausschlusses<\/strong><br \/>\nDieser Haftungsausschluss ist als Teil des Internetangebotes zu betrachten, von dem aus auf diese Seite verwiesen wurde. Sofern Teile oder einzelne Formulierungen dieses Textes der geltenden Rechtslage nicht, nicht mehr oder nicht vollst\u00e4ndig entsprechen sollten, bleiben die \u00fcbrigen Teile des Dokumentes in ihrem Inhalt und ihrer G\u00fcltigkeit davon unber\u00fchrt.[\/vc_column_text][\/vc_column][\/vc_row]<\/p>\n","protected":false},"excerpt":{"rendered":"<p>[vc_row bg_color=&#8220;#f4f3f3&#8243; top_padding=&#8220;0&#8243; bottom_padding=&#8220;0&#8243; class=&#8220;hide-on-mobile&#8220; row_id=&#8220;cta&#8220;][vc_column el_class=&#8220;cta-shortcut-cell-left&#8220; bg_color=&#8220;#d7a7b7&#8243; column_padding=&#8220;custom-padding&#8220; width=&#8220;1\/3&#8243;][\/vc_column][vc_column bg_color=&#8220;#d7a7b7&#8243; column_padding=&#8220;custom-padding&#8220; width=&#8220;1\/3&#8243;][\/vc_column][vc_column el_class=&#8220;cta-shortcut-cell-right&#8220; bg_color=&#8220;#d7a7b7&#8243; column_padding=&#8220;custom-padding&#8220; width=&#8220;1\/3&#8243;][\/vc_column][\/vc_row][vc_row top_padding=&#8220;40&#8243; bottom_padding=&#8220;0&#8243; bg_position=&#8220;left top&#8220;][vc_column width=&#8220;2\/3&#8243;][vc_column_text] Impressum Pflichtangaben nach \u00a76 Teledienstgesetz (TDG) MammaZentrum Bamberg Programmverantwortliche \u00c4rztin (PV\u00c4): Dr. med. Sieglinde Spindler-Thiele Kontakt Willy-Lessing-Str. 10 96047 Bamberg Tel.: 0951 \u2013 30 94 00 30 Fax: 0951 \u2013 30 94 00 333 E-Mail: info@msz-bamberg.de Web: www.msz-bamberg.de &nbsp; Medizinprodukteverantwortliche, Datenschutzverantwortliche und Strahlenschutzverantwortliche Dr. med. Sieglinde Spindler-Thiele Willy-Lessing-Str. 10 96047 Bamberg Datenschutzbeauftragte Herr Robert Kehl Willy-Lessing-Str. 10 96047 Bamberg[\/vc_column_text][\/vc_column][vc_column width=&#8220;1\/3&#8243;][\/vc_column][\/vc_row][vc_row top_padding=&#8220;0&#8243; bottom_padding=&#8220;60&#8243;][vc_column width=&#8220;1\/1&#8243;][vc_column_text] Haftungsausschlu\u00df &nbsp; 1. Inhalt des Onlineangebotes Der Autor \u00fcbernimmt keinerlei Gew\u00e4hr f\u00fcr die Aktualit\u00e4t, Korrektheit, Vollst\u00e4ndigkeit oder Qualit\u00e4t der bereitgestellten Informationen. Haftungsanspr\u00fcche gegen den Autor, welche sich auf Sch\u00e4den materieller oder ideeller Art beziehen, die durch die Nutzung oder Nichtnutzung der dargebotenen Informationen bzw. durch die Nutzung fehlerhafter und unvollst\u00e4ndiger Informationen verursacht wurden, sind grunds\u00e4tzlich ausgeschlossen, sofern seitens des Autors kein nachweislich vors\u00e4tzliches oder grob fahrl\u00e4ssiges Verschulden vorliegt. Alle Angebote sind freibleibend und unverbindlich. Der Autor beh\u00e4lt es sich ausdr\u00fccklich vor, Teile der Seiten oder das gesamte Angebot ohne gesonderte Ank\u00fcndigung zu ver\u00e4ndern, zu erg\u00e4nzen, zu l\u00f6schen oder die Ver\u00f6ffentlichung zeitweise oder endg\u00fcltig einzustellen. 2. Verweise und Links Bei direkten oder indirekten Verweisen auf fremde [&hellip;]<\/p>\n","protected":false},"author":1,"featured_media":0,"parent":0,"menu_order":0,"comment_status":"open","ping_status":"open","template":"","meta":{"footnotes":""},"class_list":["post-16097","page","type-page","status-publish","hentry"],"yoast_head":"<!-- This site is optimized with the Yoast SEO plugin v23.4 - https:\/\/yoast.com\/wordpress\/plugins\/seo\/ -->\n<title>Impressum | MammaZentrum Bamberg<\/title>\n<meta name=\"robots\" content=\"noindex, follow, max-snippet:-1, max-image-preview:large, max-video-preview:-1\" \/>\n<meta property=\"og:locale\" content=\"de_DE\" \/>\n<meta property=\"og:type\" content=\"article\" \/>\n<meta property=\"og:title\" content=\"Impressum | MammaZentrum Bamberg\" \/>\n<meta property=\"og:description\" content=\"[vc_row bg_color=&#8220;#f4f3f3&#8243; top_padding=&#8220;0&#8243; bottom_padding=&#8220;0&#8243; class=&#8220;hide-on-mobile&#8220; row_id=&#8220;cta&#8220;][vc_column el_class=&#8220;cta-shortcut-cell-left&#8220; bg_color=&#8220;#d7a7b7&#8243; column_padding=&#8220;custom-padding&#8220; width=&#8220;1\/3&#8243;][\/vc_column][vc_column bg_color=&#8220;#d7a7b7&#8243; column_padding=&#8220;custom-padding&#8220; width=&#8220;1\/3&#8243;][\/vc_column][vc_column el_class=&#8220;cta-shortcut-cell-right&#8220; bg_color=&#8220;#d7a7b7&#8243; column_padding=&#8220;custom-padding&#8220; width=&#8220;1\/3&#8243;][\/vc_column][\/vc_row][vc_row top_padding=&#8220;40&#8243; bottom_padding=&#8220;0&#8243; bg_position=&#8220;left top&#8220;][vc_column width=&#8220;2\/3&#8243;][vc_column_text] Impressum Pflichtangaben nach \u00a76 Teledienstgesetz (TDG) MammaZentrum Bamberg Programmverantwortliche \u00c4rztin (PV\u00c4): Dr. med. Sieglinde Spindler-Thiele Kontakt Willy-Lessing-Str. 10 96047 Bamberg Tel.: 0951 \u2013 30 94 00 30 Fax: 0951 \u2013 30 94 00 333 E-Mail: info@msz-bamberg.de Web: www.msz-bamberg.de &nbsp; Medizinprodukteverantwortliche, Datenschutzverantwortliche und Strahlenschutzverantwortliche Dr. med. Sieglinde Spindler-Thiele Willy-Lessing-Str. 10 96047 Bamberg Datenschutzbeauftragte Herr Robert Kehl Willy-Lessing-Str. 10 96047 Bamberg[\/vc_column_text][\/vc_column][vc_column width=&#8220;1\/3&#8243;][\/vc_column][\/vc_row][vc_row top_padding=&#8220;0&#8243; bottom_padding=&#8220;60&#8243;][vc_column width=&#8220;1\/1&#8243;][vc_column_text] Haftungsausschlu\u00df &nbsp; 1. Inhalt des Onlineangebotes Der Autor \u00fcbernimmt keinerlei Gew\u00e4hr f\u00fcr die Aktualit\u00e4t, Korrektheit, Vollst\u00e4ndigkeit oder Qualit\u00e4t der bereitgestellten Informationen. Haftungsanspr\u00fcche gegen den Autor, welche sich auf Sch\u00e4den materieller oder ideeller Art beziehen, die durch die Nutzung oder Nichtnutzung der dargebotenen Informationen bzw. durch die Nutzung fehlerhafter und unvollst\u00e4ndiger Informationen verursacht wurden, sind grunds\u00e4tzlich ausgeschlossen, sofern seitens des Autors kein nachweislich vors\u00e4tzliches oder grob fahrl\u00e4ssiges Verschulden vorliegt. Alle Angebote sind freibleibend und unverbindlich. Der Autor beh\u00e4lt es sich ausdr\u00fccklich vor, Teile der Seiten oder das gesamte Angebot ohne gesonderte Ank\u00fcndigung zu ver\u00e4ndern, zu erg\u00e4nzen, zu l\u00f6schen oder die Ver\u00f6ffentlichung zeitweise oder endg\u00fcltig einzustellen. 2. Verweise und Links Bei direkten oder indirekten Verweisen auf fremde [&hellip;]\" \/>\n<meta property=\"og:url\" content=\"https:\/\/www.msz-bamberg.de\/mammographie-screening-bamberg\/impressum\/\" \/>\n<meta property=\"og:site_name\" content=\"MammaZentrum Bamberg\" \/>\n<meta property=\"article:modified_time\" content=\"2021-06-14T08:10:11+00:00\" \/>\n<meta name=\"twitter:card\" content=\"summary_large_image\" \/>\n<meta name=\"twitter:label1\" content=\"Gesch\u00e4tzte Lesezeit\" \/>\n\t<meta name=\"twitter:data1\" content=\"3\u00a0Minuten\" \/>\n<script type=\"application\/ld+json\" class=\"yoast-schema-graph\">{\"@context\":\"https:\/\/schema.org\",\"@graph\":[{\"@type\":\"WebPage\",\"@id\":\"https:\/\/www.msz-bamberg.de\/mammographie-screening-bamberg\/impressum\/\",\"url\":\"https:\/\/www.msz-bamberg.de\/mammographie-screening-bamberg\/impressum\/\",\"name\":\"Impressum | MammaZentrum Bamberg\",\"isPartOf\":{\"@id\":\"https:\/\/www.msz-bamberg.de\/mammographie-screening-bamberg\/#website\"},\"datePublished\":\"2017-11-06T10:47:05+00:00\",\"dateModified\":\"2021-06-14T08:10:11+00:00\",\"breadcrumb\":{\"@id\":\"https:\/\/www.msz-bamberg.de\/mammographie-screening-bamberg\/impressum\/#breadcrumb\"},\"inLanguage\":\"de\",\"potentialAction\":[{\"@type\":\"ReadAction\",\"target\":[\"https:\/\/www.msz-bamberg.de\/mammographie-screening-bamberg\/impressum\/\"]}]},{\"@type\":\"BreadcrumbList\",\"@id\":\"https:\/\/www.msz-bamberg.de\/mammographie-screening-bamberg\/impressum\/#breadcrumb\",\"itemListElement\":[{\"@type\":\"ListItem\",\"position\":1,\"name\":\"Startseite\",\"item\":\"https:\/\/www.msz-bamberg.de\/mammographie-screening-bamberg\/\"},{\"@type\":\"ListItem\",\"position\":2,\"name\":\"Impressum\"}]},{\"@type\":\"WebSite\",\"@id\":\"https:\/\/www.msz-bamberg.de\/mammographie-screening-bamberg\/#website\",\"url\":\"https:\/\/www.msz-bamberg.de\/mammographie-screening-bamberg\/\",\"name\":\"MammaZentrum Bamberg\",\"description\":\"Mammographie, Brustdiagnostik und Mammographie-Screening\",\"potentialAction\":[{\"@type\":\"SearchAction\",\"target\":{\"@type\":\"EntryPoint\",\"urlTemplate\":\"https:\/\/www.msz-bamberg.de\/mammographie-screening-bamberg\/?s={search_term_string}\"},\"query-input\":{\"@type\":\"PropertyValueSpecification\",\"valueRequired\":true,\"valueName\":\"search_term_string\"}}],\"inLanguage\":\"de\"}]}<\/script>\n<!-- \/ Yoast SEO plugin. -->","yoast_head_json":{"title":"Impressum | MammaZentrum Bamberg","robots":{"index":"noindex","follow":"follow","max-snippet":"max-snippet:-1","max-image-preview":"max-image-preview:large","max-video-preview":"max-video-preview:-1"},"og_locale":"de_DE","og_type":"article","og_title":"Impressum | MammaZentrum Bamberg","og_description":"[vc_row bg_color=&#8220;#f4f3f3&#8243; top_padding=&#8220;0&#8243; bottom_padding=&#8220;0&#8243; class=&#8220;hide-on-mobile&#8220; row_id=&#8220;cta&#8220;][vc_column el_class=&#8220;cta-shortcut-cell-left&#8220; bg_color=&#8220;#d7a7b7&#8243; column_padding=&#8220;custom-padding&#8220; width=&#8220;1\/3&#8243;][\/vc_column][vc_column bg_color=&#8220;#d7a7b7&#8243; column_padding=&#8220;custom-padding&#8220; width=&#8220;1\/3&#8243;][\/vc_column][vc_column el_class=&#8220;cta-shortcut-cell-right&#8220; bg_color=&#8220;#d7a7b7&#8243; column_padding=&#8220;custom-padding&#8220; width=&#8220;1\/3&#8243;][\/vc_column][\/vc_row][vc_row top_padding=&#8220;40&#8243; bottom_padding=&#8220;0&#8243; bg_position=&#8220;left top&#8220;][vc_column width=&#8220;2\/3&#8243;][vc_column_text] Impressum Pflichtangaben nach \u00a76 Teledienstgesetz (TDG) MammaZentrum Bamberg Programmverantwortliche \u00c4rztin (PV\u00c4): Dr. med. Sieglinde Spindler-Thiele Kontakt Willy-Lessing-Str. 10 96047 Bamberg Tel.: 0951 \u2013 30 94 00 30 Fax: 0951 \u2013 30 94 00 333 E-Mail: info@msz-bamberg.de Web: www.msz-bamberg.de &nbsp; Medizinprodukteverantwortliche, Datenschutzverantwortliche und Strahlenschutzverantwortliche Dr. med. Sieglinde Spindler-Thiele Willy-Lessing-Str. 10 96047 Bamberg Datenschutzbeauftragte Herr Robert Kehl Willy-Lessing-Str. 10 96047 Bamberg[\/vc_column_text][\/vc_column][vc_column width=&#8220;1\/3&#8243;][\/vc_column][\/vc_row][vc_row top_padding=&#8220;0&#8243; bottom_padding=&#8220;60&#8243;][vc_column width=&#8220;1\/1&#8243;][vc_column_text] Haftungsausschlu\u00df &nbsp; 1. Inhalt des Onlineangebotes Der Autor \u00fcbernimmt keinerlei Gew\u00e4hr f\u00fcr die Aktualit\u00e4t, Korrektheit, Vollst\u00e4ndigkeit oder Qualit\u00e4t der bereitgestellten Informationen. Haftungsanspr\u00fcche gegen den Autor, welche sich auf Sch\u00e4den materieller oder ideeller Art beziehen, die durch die Nutzung oder Nichtnutzung der dargebotenen Informationen bzw. durch die Nutzung fehlerhafter und unvollst\u00e4ndiger Informationen verursacht wurden, sind grunds\u00e4tzlich ausgeschlossen, sofern seitens des Autors kein nachweislich vors\u00e4tzliches oder grob fahrl\u00e4ssiges Verschulden vorliegt. Alle Angebote sind freibleibend und unverbindlich. Der Autor beh\u00e4lt es sich ausdr\u00fccklich vor, Teile der Seiten oder das gesamte Angebot ohne gesonderte Ank\u00fcndigung zu ver\u00e4ndern, zu erg\u00e4nzen, zu l\u00f6schen oder die Ver\u00f6ffentlichung zeitweise oder endg\u00fcltig einzustellen. 2. Verweise und Links Bei direkten oder indirekten Verweisen auf fremde [&hellip;]","og_url":"https:\/\/www.msz-bamberg.de\/mammographie-screening-bamberg\/impressum\/","og_site_name":"MammaZentrum Bamberg","article_modified_time":"2021-06-14T08:10:11+00:00","twitter_card":"summary_large_image","twitter_misc":{"Gesch\u00e4tzte Lesezeit":"3\u00a0Minuten"},"schema":{"@context":"https:\/\/schema.org","@graph":[{"@type":"WebPage","@id":"https:\/\/www.msz-bamberg.de\/mammographie-screening-bamberg\/impressum\/","url":"https:\/\/www.msz-bamberg.de\/mammographie-screening-bamberg\/impressum\/","name":"Impressum | MammaZentrum Bamberg","isPartOf":{"@id":"https:\/\/www.msz-bamberg.de\/mammographie-screening-bamberg\/#website"},"datePublished":"2017-11-06T10:47:05+00:00","dateModified":"2021-06-14T08:10:11+00:00","breadcrumb":{"@id":"https:\/\/www.msz-bamberg.de\/mammographie-screening-bamberg\/impressum\/#breadcrumb"},"inLanguage":"de","potentialAction":[{"@type":"ReadAction","target":["https:\/\/www.msz-bamberg.de\/mammographie-screening-bamberg\/impressum\/"]}]},{"@type":"BreadcrumbList","@id":"https:\/\/www.msz-bamberg.de\/mammographie-screening-bamberg\/impressum\/#breadcrumb","itemListElement":[{"@type":"ListItem","position":1,"name":"Startseite","item":"https:\/\/www.msz-bamberg.de\/mammographie-screening-bamberg\/"},{"@type":"ListItem","position":2,"name":"Impressum"}]},{"@type":"WebSite","@id":"https:\/\/www.msz-bamberg.de\/mammographie-screening-bamberg\/#website","url":"https:\/\/www.msz-bamberg.de\/mammographie-screening-bamberg\/","name":"MammaZentrum Bamberg","description":"Mammographie, Brustdiagnostik und Mammographie-Screening","potentialAction":[{"@type":"SearchAction","target":{"@type":"EntryPoint","urlTemplate":"https:\/\/www.msz-bamberg.de\/mammographie-screening-bamberg\/?s={search_term_string}"},"query-input":{"@type":"PropertyValueSpecification","valueRequired":true,"valueName":"search_term_string"}}],"inLanguage":"de"}]}},"_links":{"self":[{"href":"https:\/\/www.msz-bamberg.de\/mammographie-screening-bamberg\/wp-json\/wp\/v2\/pages\/16097"}],"collection":[{"href":"https:\/\/www.msz-bamberg.de\/mammographie-screening-bamberg\/wp-json\/wp\/v2\/pages"}],"about":[{"href":"https:\/\/www.msz-bamberg.de\/mammographie-screening-bamberg\/wp-json\/wp\/v2\/types\/page"}],"author":[{"embeddable":true,"href":"https:\/\/www.msz-bamberg.de\/mammographie-screening-bamberg\/wp-json\/wp\/v2\/users\/1"}],"replies":[{"embeddable":true,"href":"https:\/\/www.msz-bamberg.de\/mammographie-screening-bamberg\/wp-json\/wp\/v2\/comments?post=16097"}],"version-history":[{"count":29,"href":"https:\/\/www.msz-bamberg.de\/mammographie-screening-bamberg\/wp-json\/wp\/v2\/pages\/16097\/revisions"}],"predecessor-version":[{"id":17087,"href":"https:\/\/www.msz-bamberg.de\/mammographie-screening-bamberg\/wp-json\/wp\/v2\/pages\/16097\/revisions\/17087"}],"wp:attachment":[{"href":"https:\/\/www.msz-bamberg.de\/mammographie-screening-bamberg\/wp-json\/wp\/v2\/media?parent=16097"}],"curies":[{"name":"wp","href":"https:\/\/api.w.org\/{rel}","templated":true}]}}