{"id":8921,"date":"2014-07-02T12:38:13","date_gmt":"2014-07-02T12:38:13","guid":{"rendered":"http:\/\/localhost:8888\/themes\/ventory\/?page_id=8921"},"modified":"2025-01-23T15:26:45","modified_gmt":"2025-01-23T14:26:45","slug":"home-minimal-classic","status":"publish","type":"page","link":"https:\/\/www.msz-bamberg.de\/mammographie-screening-bamberg\/","title":{"rendered":"Willkommen"},"content":{"rendered":"<p>[vc_row type=&#8220;full_width_section&#8220; bg_position=&#8220;left top&#8220;][vc_column width=&#8220;1\/1&#8243;][rev_slider_vc alias=&#8220;default&#8220;][\/vc_column][\/vc_row][vc_row class=&#8220;only-mobile&#8220; bg_position=&#8220;left top&#8220;][vc_column width=&#8220;1\/1&#8243;][vc_column_text]<br class=\"clear\" \/><a class=\"cta-header-smartphone\" href=\"http:\/\/www.msz-bamberg.de\/brustdiagnostik-bamberg\/\"><img decoding=\"async\" src=\"http:\/\/www.msz-bamberg.de\/mammographie-screening-bamberg\/wp-content\/uploads\/2017\/12\/cta-msz-button-bdp-neu-1.png\" alt=\"logo\" \/><\/a>[\/vc_column_text][\/vc_column][\/vc_row][vc_row bg_color=&#8220;#f4f3f3&#8243; top_padding=&#8220;0&#8243; bottom_padding=&#8220;0&#8243; class=&#8220;hide-on-mobile&#8220; row_id=&#8220;cta&#8220;][vc_column el_class=&#8220;cta-shortcut-cell-left&#8220; bg_color=&#8220;#d7a7b7&#8243; column_padding=&#8220;custom-padding&#8220; width=&#8220;1\/3&#8243;]<a href=\"http:\/\/www.msz-bamberg.de\/mammographie-screening-bamberg\/das-screening-programm\/\" target=\"_self\" class=\"button custom full cta-shortcut\" style=\"background-color: #d7a7b7; border-color: #d7a7b7;border-radius: ;\">Das Screening-Programm<\/a>[\/vc_column][vc_column bg_color=&#8220;#d7a7b7&#8243; column_padding=&#8220;custom-padding&#8220; width=&#8220;1\/3&#8243;]<a href=\"http:\/\/www.msz-bamberg.de\/mammographie-screening-bamberg\/die-screening-einheit-bamberg\/\" target=\"_self\" class=\"button custom full cta-shortcut\" style=\"background-color: #d7a7b7; border-color: #d7a7b7;border-radius: ;\">Wer sind Wir<\/a>[\/vc_column][vc_column el_class=&#8220;cta-shortcut-cell-right&#8220; bg_color=&#8220;#d7a7b7&#8243; column_padding=&#8220;custom-padding&#8220; width=&#8220;1\/3&#8243;]<a href=\"http:\/\/www.msz-bamberg.de\/mammographie-screening-bamberg\/informationsmaterial\/\" target=\"_self\" class=\"button custom full cta-shortcut\" style=\"background-color: #d7a7b7; border-color: #d7a7b7;border-radius: ;\">Infos aus dem Netz<\/a>[\/vc_column][\/vc_row][vc_row bg_color=&#8220;#b0506f&#8220; top_padding=&#8220;40&#8243; bottom_padding=&#8220;40&#8243; bg_position=&#8220;left top&#8220;][vc_column text_align=&#8220;center&#8220; width=&#8220;1\/1&#8243;][vc_column_text]<\/p>\n<div style=\"padding: 40px;\">\n<h2>Aktuell: Ausweitung des Programms f\u00fcr Frauen von 70 bis 75 Jahren<\/h2>\n<p>&nbsp;<\/p>\n<p><strong>Das Mammographie-Screening zur Fr\u00fcherkennung von Brustkrebs wird ausgeweitet: Bisher k\u00f6nnen nur Frauen zwischen 50 und 69 Jahren alle zwei Jahre teilnehmen. Zuk\u00fcnftig ist eine Teilnahme bis zum Alter von 75 Jahren m\u00f6glich. Der Anspruch endet also mit dem 76. Geburtstag.<\/strong><\/p>\n<p>Voraussichtlich ab 1. Juli 2024 k\u00f6nnen sich Frauen im Alter von 70 bis 75 Jahren bei den sogenannten Zentralen Stellen f\u00fcr einen Untersuchungstermin in einer wohnortnahen Screening-Einheit anmelden. Dort wird gepr\u00fcft, ob die Frau schon wieder anspruchsberechtigt ist. Die letzte Fr\u00fcherkennungs-Mammographie z.B. muss bei dieser Terminanfrage mindestens 22 Monate her sein.<\/p>\n<p>&nbsp;<\/p>\n<p><a class=\"button_solid\" href=\"https:\/\/www.mammo-programm.de\/de\/termin\" target=\"_blank\" rel=\"noopener\">Jetzt Termin vereinbaren<\/a>\u00a0<a class=\"button_outline\" href=\"https:\/\/www.g-ba.de\/themen\/methodenbewertung\/ambulant\/frueherkennung-krankheiten\/erwachsene\/krebsfrueherkennung\/mammographie-screening-ausweitung\/\" target=\"_blank\" rel=\"noopener\">Weitere Informationen<\/a><\/p>\n<\/div>\n<p>[\/vc_column_text][\/vc_column][\/vc_row][vc_row top_padding=&#8220;40&#8243; bottom_padding=&#8220;40&#8243; bg_position=&#8220;left top&#8220;][vc_column width=&#8220;2\/3&#8243;][vc_column_text el_class=&#8220;pink&#8220;]Informationen \u00fcber das<\/p>\n<h1>Mammographie-Screening-Programm<\/h1>\n<p>[\/vc_column_text][vc_row_inner][vc_column_inner][vc_column_text]<\/p>\n<h2>Mammographie-Screening: Ausweitung des Programms f\u00fcr Frauen von 70 bis 75 Jahren<\/h2>\n<p>[\/vc_column_text][\/vc_column_inner][\/vc_row_inner][vc_column_text]Jede Frau zwischen dem 50. und 70. Lebensjahr wird zum Mammographie-Screening-Programm eingeladen.<br \/>\n<br class=\"clear\" \/>Sie erhalten ein <a href=\"http:\/\/www.msz-bamberg.de\/mammographie-screening-bamberg\/wp-content\/uploads\/2017\/10\/Muster-Einladungsschreiben-Koop-Mammo.pdf\" target=\"_blank\" rel=\"noopener noreferrer\">Einladungsschreiben<\/a> von der <a href=\"http:\/\/www.zentralestelle-bayern.de\/kontakt.html\" target=\"_blank\" rel=\"noopener noreferrer\">Zentralen Stelle in M\u00fcnchen<\/a>. Der Ort und der Termin zur Erstellung Ihrer Mammografie sind f\u00fcr Sie wohnortnah innerhalb unserer <a href=\"http:\/\/www.msz-bamberg.de\/mammographie-screening-bamberg\/die-screening-einheit-bamberg\/\" target=\"_blank\" rel=\"noopener noreferrer\">Screening-Einheit<\/a> bereits festgelegt.<br \/>\n<br class=\"clear\" \/>Sie sollten diesen Termin telefonisch bei der Zentralen Stelle best\u00e4tigen, k\u00f6nnen ihn selbstverst\u00e4ndlich auch verschieben.<br \/>\n<br class=\"clear\" \/>Das Mammographie-Screening ist ein Programm zur Krebs-Fr\u00fcherkennung.<br \/>\n8 \u2013 10 % aller Frauen werden in ihrem Leben von Brustkrebs betroffen sein, dies ist nicht zu verhindern.<br \/>\n<br class=\"clear\" \/>Wird Brustkrebs fr\u00fch erkannt, dann haben wir die Chance, dass die Erkrankung auf die Brustdr\u00fcse beschr\u00e4nkt ist. Dann ist diese Krebserkrankung heilbar.<br \/>\n<br class=\"clear\" \/>Das Mammographie-Screening ist ein in h\u00f6chstem Ma\u00df <a href=\"http:\/\/www.msz-bamberg.de\/mammographie-screening-bamberg\/qualitaetssicherung\/\">qualit\u00e4tsgesichertes und kontrolliertes Programm<\/a>. Derzeit unterliegt kein anderes Verfahren einer vergleichbaren Qualit\u00e4tssicherung.[\/vc_column_text][\/vc_column][vc_column width=&#8220;1\/3&#8243;]<div class=\"box clearfix style-1 wpb_content_element align-left pink\" style=\"padding: 20px 20px 20px 20px; \">\n<h3><strong>Einladungs-Termin<\/strong><\/h3>\n<p><i class=\"fa fa-caret-right\" aria-hidden=\"true\"><\/i> Best\u00e4tigen<br \/>\n<i class=\"fa fa-caret-right\" aria-hidden=\"true\"><\/i> Verschieben<br \/>\n<i class=\"fa fa-caret-right\" aria-hidden=\"true\"><\/i> Vereinbaren<\/p>\n<h4><strong>Zentrale Stelle<\/strong><br \/>\n<strong>089 &#8211; 54 546 40 200<\/strong><\/h4>\n<\/div><div class=\"box clearfix style-6 wpb_content_element align-left pink-headline-box\" style=\"padding: 20px 20px 20px 20px; \"><a title=\"Kontakt - So erreichen Sie uns in Bamberg\" href=\"http:\/\/www.msz-bamberg.de\/mammographie-screening-bamberg\/die-screening-einheit-bamberg\/\"><span class=\"white\"><i class=\"fa fa-caret-right\" aria-hidden=\"true\"><\/i> So erreichen Sie uns in Bamberg<\/span><\/a><\/div>[\/vc_column][\/vc_row][vc_row top_padding=&#8220;60&#8243; bottom_padding=&#8220;60&#8243;][vc_column width=&#8220;1\/3&#8243;]<div class=\"box clearfix style-6 wpb_content_element align-left pink-teaser\" style=\"padding: 50% 40px 40px 40px; \"><a class=\"teaser-link\" title=\"Das Mammographie-Screening Programm\" href=\"\/mammographie-screening-bamberg\/das-screening-programm\/\">Das Mammographie-Screening Programm<\/a><\/div>[\/vc_column][vc_column width=&#8220;1\/3&#8243;]<div class=\"box clearfix style-6 wpb_content_element align-left pink-teaser\" style=\"padding: 50% 40px 40px 40px; \"><a class=\"teaser-link\" title=\"Die Screening Einheit Bamberg\" href=\"http:\/\/www.msz-bamberg.de\/mammographie-screening-bamberg\/die-screening-einheit-bamberg\/\">Die Screening-Einheit Bamberg<\/a><\/div>[\/vc_column][vc_column width=&#8220;1\/3&#8243;]<div class=\"box clearfix style-6 wpb_content_element align-left pink-teaser\" style=\"padding: 50% 40px 40px 40px; \"><a class=\"teaser-link\" title=\"Aktuelle Infos aus dem Netz\" href=\"http:\/\/www.msz-bamberg.de\/mammographie-screening-bamberg\/informationsmaterial\/\"> Aktuelle Infos aus dem Netz<\/a><\/div>[\/vc_column][\/vc_row]<\/p>\n","protected":false},"excerpt":{"rendered":"<p>[vc_row type=&#8220;full_width_section&#8220; bg_position=&#8220;left top&#8220;][vc_column width=&#8220;1\/1&#8243;][rev_slider_vc alias=&#8220;default&#8220;][\/vc_column][\/vc_row][vc_row class=&#8220;only-mobile&#8220; bg_position=&#8220;left top&#8220;][vc_column width=&#8220;1\/1&#8243;][vc_column_text][\/vc_column_text][\/vc_column][\/vc_row][vc_row bg_color=&#8220;#f4f3f3&#8243; top_padding=&#8220;0&#8243; bottom_padding=&#8220;0&#8243; class=&#8220;hide-on-mobile&#8220; row_id=&#8220;cta&#8220;][vc_column el_class=&#8220;cta-shortcut-cell-left&#8220; bg_color=&#8220;#d7a7b7&#8243; column_padding=&#8220;custom-padding&#8220; width=&#8220;1\/3&#8243;][\/vc_column][vc_column bg_color=&#8220;#d7a7b7&#8243; column_padding=&#8220;custom-padding&#8220; width=&#8220;1\/3&#8243;][\/vc_column][vc_column el_class=&#8220;cta-shortcut-cell-right&#8220; bg_color=&#8220;#d7a7b7&#8243; column_padding=&#8220;custom-padding&#8220; width=&#8220;1\/3&#8243;][\/vc_column][\/vc_row][vc_row bg_color=&#8220;#b0506f&#8220; top_padding=&#8220;40&#8243; bottom_padding=&#8220;40&#8243; bg_position=&#8220;left top&#8220;][vc_column text_align=&#8220;center&#8220; width=&#8220;1\/1&#8243;][vc_column_text] Aktuell: Ausweitung des Programms f\u00fcr Frauen von 70 bis 75 Jahren &nbsp; Das Mammographie-Screening zur Fr\u00fcherkennung von Brustkrebs wird ausgeweitet: Bisher k\u00f6nnen nur Frauen zwischen 50 und 69 Jahren alle zwei Jahre teilnehmen. Zuk\u00fcnftig ist eine Teilnahme bis zum Alter von 75 Jahren m\u00f6glich. Der Anspruch endet also mit dem 76. Geburtstag. Voraussichtlich ab 1. Juli 2024 k\u00f6nnen sich Frauen im Alter von 70 bis 75 Jahren bei den sogenannten Zentralen Stellen f\u00fcr einen Untersuchungstermin in einer wohnortnahen Screening-Einheit anmelden. Dort wird gepr\u00fcft, ob die Frau schon wieder anspruchsberechtigt ist. Die letzte Fr\u00fcherkennungs-Mammographie z.B. muss bei dieser Terminanfrage mindestens 22 Monate her sein. &nbsp; Jetzt Termin vereinbaren\u00a0Weitere Informationen [\/vc_column_text][\/vc_column][\/vc_row][vc_row top_padding=&#8220;40&#8243; bottom_padding=&#8220;40&#8243; bg_position=&#8220;left top&#8220;][vc_column width=&#8220;2\/3&#8243;][vc_column_text el_class=&#8220;pink&#8220;]Informationen \u00fcber das Mammographie-Screening-Programm [\/vc_column_text][vc_row_inner][vc_column_inner][vc_column_text] Mammographie-Screening: Ausweitung des Programms f\u00fcr Frauen von 70 bis 75 Jahren [\/vc_column_text][\/vc_column_inner][\/vc_row_inner][vc_column_text]Jede Frau zwischen dem 50. und 70. Lebensjahr wird zum Mammographie-Screening-Programm eingeladen. Sie erhalten ein Einladungsschreiben von der Zentralen Stelle in M\u00fcnchen. Der Ort und der Termin zur Erstellung Ihrer Mammografie sind f\u00fcr Sie wohnortnah innerhalb unserer [&hellip;]<\/p>\n","protected":false},"author":1,"featured_media":0,"parent":0,"menu_order":0,"comment_status":"open","ping_status":"open","template":"","meta":{"footnotes":""},"class_list":["post-8921","page","type-page","status-publish","hentry"],"yoast_head":"<!-- This site is optimized with the Yoast SEO plugin v23.4 - https:\/\/yoast.com\/wordpress\/plugins\/seo\/ -->\n<title>Willkommen | MammaZentrum Bamberg<\/title>\n<meta name=\"robots\" content=\"noindex, follow, max-snippet:-1, max-image-preview:large, max-video-preview:-1\" \/>\n<meta property=\"og:locale\" content=\"de_DE\" \/>\n<meta property=\"og:type\" content=\"article\" \/>\n<meta property=\"og:title\" content=\"Willkommen | MammaZentrum Bamberg\" \/>\n<meta property=\"og:description\" content=\"[vc_row type=&#8220;full_width_section&#8220; bg_position=&#8220;left top&#8220;][vc_column width=&#8220;1\/1&#8243;][rev_slider_vc alias=&#8220;default&#8220;][\/vc_column][\/vc_row][vc_row class=&#8220;only-mobile&#8220; bg_position=&#8220;left top&#8220;][vc_column width=&#8220;1\/1&#8243;][vc_column_text][\/vc_column_text][\/vc_column][\/vc_row][vc_row bg_color=&#8220;#f4f3f3&#8243; top_padding=&#8220;0&#8243; bottom_padding=&#8220;0&#8243; class=&#8220;hide-on-mobile&#8220; row_id=&#8220;cta&#8220;][vc_column el_class=&#8220;cta-shortcut-cell-left&#8220; bg_color=&#8220;#d7a7b7&#8243; column_padding=&#8220;custom-padding&#8220; width=&#8220;1\/3&#8243;][\/vc_column][vc_column bg_color=&#8220;#d7a7b7&#8243; column_padding=&#8220;custom-padding&#8220; width=&#8220;1\/3&#8243;][\/vc_column][vc_column el_class=&#8220;cta-shortcut-cell-right&#8220; bg_color=&#8220;#d7a7b7&#8243; column_padding=&#8220;custom-padding&#8220; width=&#8220;1\/3&#8243;][\/vc_column][\/vc_row][vc_row bg_color=&#8220;#b0506f&#8220; top_padding=&#8220;40&#8243; bottom_padding=&#8220;40&#8243; bg_position=&#8220;left top&#8220;][vc_column text_align=&#8220;center&#8220; width=&#8220;1\/1&#8243;][vc_column_text] Aktuell: Ausweitung des Programms f\u00fcr Frauen von 70 bis 75 Jahren &nbsp; Das Mammographie-Screening zur Fr\u00fcherkennung von Brustkrebs wird ausgeweitet: Bisher k\u00f6nnen nur Frauen zwischen 50 und 69 Jahren alle zwei Jahre teilnehmen. Zuk\u00fcnftig ist eine Teilnahme bis zum Alter von 75 Jahren m\u00f6glich. Der Anspruch endet also mit dem 76. Geburtstag. Voraussichtlich ab 1. Juli 2024 k\u00f6nnen sich Frauen im Alter von 70 bis 75 Jahren bei den sogenannten Zentralen Stellen f\u00fcr einen Untersuchungstermin in einer wohnortnahen Screening-Einheit anmelden. Dort wird gepr\u00fcft, ob die Frau schon wieder anspruchsberechtigt ist. Die letzte Fr\u00fcherkennungs-Mammographie z.B. muss bei dieser Terminanfrage mindestens 22 Monate her sein. &nbsp; Jetzt Termin vereinbaren\u00a0Weitere Informationen [\/vc_column_text][\/vc_column][\/vc_row][vc_row top_padding=&#8220;40&#8243; bottom_padding=&#8220;40&#8243; bg_position=&#8220;left top&#8220;][vc_column width=&#8220;2\/3&#8243;][vc_column_text el_class=&#8220;pink&#8220;]Informationen \u00fcber das Mammographie-Screening-Programm [\/vc_column_text][vc_row_inner][vc_column_inner][vc_column_text] Mammographie-Screening: Ausweitung des Programms f\u00fcr Frauen von 70 bis 75 Jahren [\/vc_column_text][\/vc_column_inner][\/vc_row_inner][vc_column_text]Jede Frau zwischen dem 50. und 70. Lebensjahr wird zum Mammographie-Screening-Programm eingeladen. Sie erhalten ein Einladungsschreiben von der Zentralen Stelle in M\u00fcnchen. Der Ort und der Termin zur Erstellung Ihrer Mammografie sind f\u00fcr Sie wohnortnah innerhalb unserer [&hellip;]\" \/>\n<meta property=\"og:url\" content=\"https:\/\/www.msz-bamberg.de\/mammographie-screening-bamberg\/\" \/>\n<meta property=\"og:site_name\" content=\"MammaZentrum Bamberg\" \/>\n<meta property=\"article:modified_time\" content=\"2025-01-23T14:26:45+00:00\" \/>\n<meta property=\"og:image\" content=\"http:\/\/www.msz-bamberg.de\/mammographie-screening-bamberg\/wp-content\/uploads\/2017\/12\/cta-msz-button-bdp-neu-1.png\" \/>\n<meta name=\"twitter:card\" content=\"summary_large_image\" \/>\n<meta name=\"twitter:label1\" content=\"Gesch\u00e4tzte Lesezeit\" \/>\n\t<meta name=\"twitter:data1\" content=\"3\u00a0Minuten\" \/>\n<script type=\"application\/ld+json\" class=\"yoast-schema-graph\">{\"@context\":\"https:\/\/schema.org\",\"@graph\":[{\"@type\":\"WebPage\",\"@id\":\"https:\/\/www.msz-bamberg.de\/mammographie-screening-bamberg\/\",\"url\":\"https:\/\/www.msz-bamberg.de\/mammographie-screening-bamberg\/\",\"name\":\"Willkommen | MammaZentrum Bamberg\",\"isPartOf\":{\"@id\":\"https:\/\/www.msz-bamberg.de\/mammographie-screening-bamberg\/#website\"},\"primaryImageOfPage\":{\"@id\":\"https:\/\/www.msz-bamberg.de\/mammographie-screening-bamberg\/#primaryimage\"},\"image\":{\"@id\":\"https:\/\/www.msz-bamberg.de\/mammographie-screening-bamberg\/#primaryimage\"},\"thumbnailUrl\":\"http:\/\/www.msz-bamberg.de\/mammographie-screening-bamberg\/wp-content\/uploads\/2017\/12\/cta-msz-button-bdp-neu-1.png\",\"datePublished\":\"2014-07-02T12:38:13+00:00\",\"dateModified\":\"2025-01-23T14:26:45+00:00\",\"breadcrumb\":{\"@id\":\"https:\/\/www.msz-bamberg.de\/mammographie-screening-bamberg\/#breadcrumb\"},\"inLanguage\":\"de\",\"potentialAction\":[{\"@type\":\"ReadAction\",\"target\":[\"https:\/\/www.msz-bamberg.de\/mammographie-screening-bamberg\/\"]}]},{\"@type\":\"ImageObject\",\"inLanguage\":\"de\",\"@id\":\"https:\/\/www.msz-bamberg.de\/mammographie-screening-bamberg\/#primaryimage\",\"url\":\"http:\/\/www.msz-bamberg.de\/mammographie-screening-bamberg\/wp-content\/uploads\/2017\/12\/cta-msz-button-bdp-neu-1.png\",\"contentUrl\":\"http:\/\/www.msz-bamberg.de\/mammographie-screening-bamberg\/wp-content\/uploads\/2017\/12\/cta-msz-button-bdp-neu-1.png\"},{\"@type\":\"BreadcrumbList\",\"@id\":\"https:\/\/www.msz-bamberg.de\/mammographie-screening-bamberg\/#breadcrumb\",\"itemListElement\":[{\"@type\":\"ListItem\",\"position\":1,\"name\":\"Startseite\",\"item\":\"https:\/\/www.msz-bamberg.de\/mammographie-screening-bamberg\/\"},{\"@type\":\"ListItem\",\"position\":2,\"name\":\"Willkommen\"}]},{\"@type\":\"WebSite\",\"@id\":\"https:\/\/www.msz-bamberg.de\/mammographie-screening-bamberg\/#website\",\"url\":\"https:\/\/www.msz-bamberg.de\/mammographie-screening-bamberg\/\",\"name\":\"MammaZentrum Bamberg\",\"description\":\"Mammographie, Brustdiagnostik und Mammographie-Screening\",\"potentialAction\":[{\"@type\":\"SearchAction\",\"target\":{\"@type\":\"EntryPoint\",\"urlTemplate\":\"https:\/\/www.msz-bamberg.de\/mammographie-screening-bamberg\/?s={search_term_string}\"},\"query-input\":{\"@type\":\"PropertyValueSpecification\",\"valueRequired\":true,\"valueName\":\"search_term_string\"}}],\"inLanguage\":\"de\"}]}<\/script>\n<!-- \/ Yoast SEO plugin. -->","yoast_head_json":{"title":"Willkommen | MammaZentrum Bamberg","robots":{"index":"noindex","follow":"follow","max-snippet":"max-snippet:-1","max-image-preview":"max-image-preview:large","max-video-preview":"max-video-preview:-1"},"og_locale":"de_DE","og_type":"article","og_title":"Willkommen | MammaZentrum Bamberg","og_description":"[vc_row type=&#8220;full_width_section&#8220; bg_position=&#8220;left top&#8220;][vc_column width=&#8220;1\/1&#8243;][rev_slider_vc alias=&#8220;default&#8220;][\/vc_column][\/vc_row][vc_row class=&#8220;only-mobile&#8220; bg_position=&#8220;left top&#8220;][vc_column width=&#8220;1\/1&#8243;][vc_column_text][\/vc_column_text][\/vc_column][\/vc_row][vc_row bg_color=&#8220;#f4f3f3&#8243; top_padding=&#8220;0&#8243; bottom_padding=&#8220;0&#8243; class=&#8220;hide-on-mobile&#8220; row_id=&#8220;cta&#8220;][vc_column el_class=&#8220;cta-shortcut-cell-left&#8220; bg_color=&#8220;#d7a7b7&#8243; column_padding=&#8220;custom-padding&#8220; width=&#8220;1\/3&#8243;][\/vc_column][vc_column bg_color=&#8220;#d7a7b7&#8243; column_padding=&#8220;custom-padding&#8220; width=&#8220;1\/3&#8243;][\/vc_column][vc_column el_class=&#8220;cta-shortcut-cell-right&#8220; bg_color=&#8220;#d7a7b7&#8243; column_padding=&#8220;custom-padding&#8220; width=&#8220;1\/3&#8243;][\/vc_column][\/vc_row][vc_row bg_color=&#8220;#b0506f&#8220; top_padding=&#8220;40&#8243; bottom_padding=&#8220;40&#8243; bg_position=&#8220;left top&#8220;][vc_column text_align=&#8220;center&#8220; width=&#8220;1\/1&#8243;][vc_column_text] Aktuell: Ausweitung des Programms f\u00fcr Frauen von 70 bis 75 Jahren &nbsp; Das Mammographie-Screening zur Fr\u00fcherkennung von Brustkrebs wird ausgeweitet: Bisher k\u00f6nnen nur Frauen zwischen 50 und 69 Jahren alle zwei Jahre teilnehmen. Zuk\u00fcnftig ist eine Teilnahme bis zum Alter von 75 Jahren m\u00f6glich. Der Anspruch endet also mit dem 76. Geburtstag. Voraussichtlich ab 1. Juli 2024 k\u00f6nnen sich Frauen im Alter von 70 bis 75 Jahren bei den sogenannten Zentralen Stellen f\u00fcr einen Untersuchungstermin in einer wohnortnahen Screening-Einheit anmelden. Dort wird gepr\u00fcft, ob die Frau schon wieder anspruchsberechtigt ist. Die letzte Fr\u00fcherkennungs-Mammographie z.B. muss bei dieser Terminanfrage mindestens 22 Monate her sein. &nbsp; Jetzt Termin vereinbaren\u00a0Weitere Informationen [\/vc_column_text][\/vc_column][\/vc_row][vc_row top_padding=&#8220;40&#8243; bottom_padding=&#8220;40&#8243; bg_position=&#8220;left top&#8220;][vc_column width=&#8220;2\/3&#8243;][vc_column_text el_class=&#8220;pink&#8220;]Informationen \u00fcber das Mammographie-Screening-Programm [\/vc_column_text][vc_row_inner][vc_column_inner][vc_column_text] Mammographie-Screening: Ausweitung des Programms f\u00fcr Frauen von 70 bis 75 Jahren [\/vc_column_text][\/vc_column_inner][\/vc_row_inner][vc_column_text]Jede Frau zwischen dem 50. und 70. Lebensjahr wird zum Mammographie-Screening-Programm eingeladen. Sie erhalten ein Einladungsschreiben von der Zentralen Stelle in M\u00fcnchen. Der Ort und der Termin zur Erstellung Ihrer Mammografie sind f\u00fcr Sie wohnortnah innerhalb unserer [&hellip;]","og_url":"https:\/\/www.msz-bamberg.de\/mammographie-screening-bamberg\/","og_site_name":"MammaZentrum Bamberg","article_modified_time":"2025-01-23T14:26:45+00:00","og_image":[{"url":"http:\/\/www.msz-bamberg.de\/mammographie-screening-bamberg\/wp-content\/uploads\/2017\/12\/cta-msz-button-bdp-neu-1.png"}],"twitter_card":"summary_large_image","twitter_misc":{"Gesch\u00e4tzte Lesezeit":"3\u00a0Minuten"},"schema":{"@context":"https:\/\/schema.org","@graph":[{"@type":"WebPage","@id":"https:\/\/www.msz-bamberg.de\/mammographie-screening-bamberg\/","url":"https:\/\/www.msz-bamberg.de\/mammographie-screening-bamberg\/","name":"Willkommen | MammaZentrum Bamberg","isPartOf":{"@id":"https:\/\/www.msz-bamberg.de\/mammographie-screening-bamberg\/#website"},"primaryImageOfPage":{"@id":"https:\/\/www.msz-bamberg.de\/mammographie-screening-bamberg\/#primaryimage"},"image":{"@id":"https:\/\/www.msz-bamberg.de\/mammographie-screening-bamberg\/#primaryimage"},"thumbnailUrl":"http:\/\/www.msz-bamberg.de\/mammographie-screening-bamberg\/wp-content\/uploads\/2017\/12\/cta-msz-button-bdp-neu-1.png","datePublished":"2014-07-02T12:38:13+00:00","dateModified":"2025-01-23T14:26:45+00:00","breadcrumb":{"@id":"https:\/\/www.msz-bamberg.de\/mammographie-screening-bamberg\/#breadcrumb"},"inLanguage":"de","potentialAction":[{"@type":"ReadAction","target":["https:\/\/www.msz-bamberg.de\/mammographie-screening-bamberg\/"]}]},{"@type":"ImageObject","inLanguage":"de","@id":"https:\/\/www.msz-bamberg.de\/mammographie-screening-bamberg\/#primaryimage","url":"http:\/\/www.msz-bamberg.de\/mammographie-screening-bamberg\/wp-content\/uploads\/2017\/12\/cta-msz-button-bdp-neu-1.png","contentUrl":"http:\/\/www.msz-bamberg.de\/mammographie-screening-bamberg\/wp-content\/uploads\/2017\/12\/cta-msz-button-bdp-neu-1.png"},{"@type":"BreadcrumbList","@id":"https:\/\/www.msz-bamberg.de\/mammographie-screening-bamberg\/#breadcrumb","itemListElement":[{"@type":"ListItem","position":1,"name":"Startseite","item":"https:\/\/www.msz-bamberg.de\/mammographie-screening-bamberg\/"},{"@type":"ListItem","position":2,"name":"Willkommen"}]},{"@type":"WebSite","@id":"https:\/\/www.msz-bamberg.de\/mammographie-screening-bamberg\/#website","url":"https:\/\/www.msz-bamberg.de\/mammographie-screening-bamberg\/","name":"MammaZentrum Bamberg","description":"Mammographie, Brustdiagnostik und Mammographie-Screening","potentialAction":[{"@type":"SearchAction","target":{"@type":"EntryPoint","urlTemplate":"https:\/\/www.msz-bamberg.de\/mammographie-screening-bamberg\/?s={search_term_string}"},"query-input":{"@type":"PropertyValueSpecification","valueRequired":true,"valueName":"search_term_string"}}],"inLanguage":"de"}]}},"_links":{"self":[{"href":"https:\/\/www.msz-bamberg.de\/mammographie-screening-bamberg\/wp-json\/wp\/v2\/pages\/8921"}],"collection":[{"href":"https:\/\/www.msz-bamberg.de\/mammographie-screening-bamberg\/wp-json\/wp\/v2\/pages"}],"about":[{"href":"https:\/\/www.msz-bamberg.de\/mammographie-screening-bamberg\/wp-json\/wp\/v2\/types\/page"}],"author":[{"embeddable":true,"href":"https:\/\/www.msz-bamberg.de\/mammographie-screening-bamberg\/wp-json\/wp\/v2\/users\/1"}],"replies":[{"embeddable":true,"href":"https:\/\/www.msz-bamberg.de\/mammographie-screening-bamberg\/wp-json\/wp\/v2\/comments?post=8921"}],"version-history":[{"count":202,"href":"https:\/\/www.msz-bamberg.de\/mammographie-screening-bamberg\/wp-json\/wp\/v2\/pages\/8921\/revisions"}],"predecessor-version":[{"id":17169,"href":"https:\/\/www.msz-bamberg.de\/mammographie-screening-bamberg\/wp-json\/wp\/v2\/pages\/8921\/revisions\/17169"}],"wp:attachment":[{"href":"https:\/\/www.msz-bamberg.de\/mammographie-screening-bamberg\/wp-json\/wp\/v2\/media?parent=8921"}],"curies":[{"name":"wp","href":"https:\/\/api.w.org\/{rel}","templated":true}]}}